{"id":3,"date":"2023-03-09T21:31:56","date_gmt":"2023-03-09T21:31:56","guid":{"rendered":"https:\/\/ufcw1776rrt.com\/?page_id=3"},"modified":"2023-08-20T12:07:19","modified_gmt":"2023-08-20T16:07:19","slug":"privacy-policy","status":"publish","type":"page","link":"https:\/\/ufcw1776rrt.com\/es\/privacy-policy\/","title":{"rendered":"Pol\u00edtica de privacidad"},"content":{"rendered":"<p>Esta Pol\u00edtica de Privacidad describe nuestras pol\u00edticas y procedimientos para la recogida, uso y divulgaci\u00f3n de su informaci\u00f3n. Algunos visitantes de nuestro sitio web interact\u00faan de forma que se recopila cierta informaci\u00f3n personal identificable. La cantidad y el tipo de informaci\u00f3n dependen de la naturaleza de la interacci\u00f3n. S\u00f3lo recogemos la informaci\u00f3n que es necesaria o apropiada para su interacci\u00f3n con nuestro sitio o que nos permite ponernos en contacto con usted despu\u00e9s de que nos env\u00ede una consulta. No compartimos ni vendemos su informaci\u00f3n con nadie.<\/p>\r\n<p><br \/>Recogemos determinada informaci\u00f3n directamente de los usuarios, de los registros del servidor web y de las cookies. Esta pol\u00edtica de privacidad explica qu\u00e9 informaci\u00f3n se recopila y c\u00f3mo se recopila para cada una de estas fuentes.<\/p>\r\n<p><br \/>El formulario de contacto de este sitio web solicita informaci\u00f3n personal b\u00e1sica, como su nombre, direcci\u00f3n de correo electr\u00f3nico y n\u00famero de tel\u00e9fono. Utilizamos esta informaci\u00f3n para responder a su consulta poni\u00e9ndonos en contacto con usted por correo electr\u00f3nico, tel\u00e9fono, SMS u otras formas equivalentes de comunicaci\u00f3n electr\u00f3nica.<\/p>\r\n<p><br \/>Dependiendo de la configuraci\u00f3n de su navegador, podemos rastrear ciertos datos de uso cuando visita nuestro sitio web y retener esos datos en los registros de nuestro servidor web. Estos datos pueden incluir su direcci\u00f3n de protocolo de Internet, el nombre de su proveedor de servicios de Internet, su tipo y versi\u00f3n de navegador, la fecha y hora de su visita y las p\u00e1ginas de nuestro sitio que ha visitado. Esta informaci\u00f3n nos ayuda a comprender c\u00f3mo acceden los usuarios a nuestro sitio y c\u00f3mo interact\u00faan con \u00e9l, de modo que podamos introducir mejoras. La informaci\u00f3n tambi\u00e9n ayuda a proteger nuestro sitio de usos indebidos o inapropiados. Ninguno de los datos almacenados en los registros de nuestro servidor web puede revelar su identidad personal.<\/p>\r\n<p><br \/>Nuestro sitio web tambi\u00e9n utiliza cookies y tecnolog\u00edas similares para almacenar determinada informaci\u00f3n no identificable personalmente. Una cookie es un peque\u00f1o archivo enviado desde un servidor web que se almacena en su dispositivo. Las cookies son necesarias para proporcionarle los servicios disponibles a trav\u00e9s de nuestro sitio web y permitirle utilizar algunas de sus funciones. Las cookies tambi\u00e9n ayudan a autenticar a los usuarios y a evitar el uso fraudulento de las cuentas de usuario. Puede cambiar la configuraci\u00f3n de su navegador para rechazar todas las cookies o para que le notifique cuando se env\u00eda una cookie. A menos que haya ajustado la configuraci\u00f3n de su navegador para rechazar todas las cookies, nuestro sitio web puede utilizar cookies.<\/p>\r\n<p>Muchos de los enlaces de nuestro sitio web remiten a contenidos externos mantenidos por terceros que no controlamos. Estos terceros pueden recopilar determinados datos de uso enviados por su navegador como parte de una solicitud de p\u00e1gina web, como su direcci\u00f3n IP o cookies. No somos responsables de las pr\u00e1cticas de privacidad de estos terceros y sus pr\u00e1cticas de informaci\u00f3n no est\u00e1n cubiertas por esta Pol\u00edtica de Privacidad.<\/p>\r\n<p><br \/>Utilizamos proveedores externos para servicios como el alojamiento y mantenimiento del sitio web, actualizaciones, nuevas versiones y revisi\u00f3n de datos anal\u00edticos. Como parte de estos servicios, a veces se nos pide que compartamos los datos de los usuarios con estos proveedores. Estos terceros s\u00f3lo recopilan datos agregados que no contienen informaci\u00f3n de identificaci\u00f3n personal, y no est\u00e1n autorizados a utilizar o revelar ninguno de estos datos para ning\u00fan otro fin.<\/p>\r\n<p><br \/>Es posible que actualicemos nuestra Pol\u00edtica de Privacidad de vez en cuando. Cualquier cambio se publicar\u00e1 en esta p\u00e1gina.<\/p>\r\n<p><br \/>Si tiene alguna pregunta sobre esta Pol\u00edtica de privacidad, puede ponerse en contacto con nosotros:<br \/>Por correo electr\u00f3nico: eyoung@young-lawgroup.com<br \/>Por tel\u00e9fono 1-800-590-4116<\/p>","protected":false},"excerpt":{"rendered":"<p>Esta Pol\u00edtica de Privacidad describe nuestras pol\u00edticas y procedimientos para la recogida, uso y divulgaci\u00f3n de su informaci\u00f3n. Algunos visitantes de nuestro sitio web interact\u00faan de forma que se recopila cierta informaci\u00f3n personal identificable. La cantidad y el tipo de informaci\u00f3n dependen de la naturaleza de la interacci\u00f3n. S\u00f3lo recogemos la informaci\u00f3n que es necesaria o [...]<\/p>","protected":false},"author":1,"featured_media":0,"parent":0,"menu_order":0,"comment_status":"closed","ping_status":"open","template":"","meta":{"_monsterinsights_skip_tracking":false,"_monsterinsights_sitenote_active":false,"_monsterinsights_sitenote_note":"","_monsterinsights_sitenote_category":0,"footnotes":""},"class_list":["post-3","page","type-page","status-publish","hentry"],"aioseo_notices":[],"featured_image_src":null,"featured_image_src_square":null,"featured_media_urls":[],"_links":{"self":[{"href":"https:\/\/ufcw1776rrt.com\/es\/wp-json\/wp\/v2\/pages\/3","targetHints":{"allow":["GET"]}}],"collection":[{"href":"https:\/\/ufcw1776rrt.com\/es\/wp-json\/wp\/v2\/pages"}],"about":[{"href":"https:\/\/ufcw1776rrt.com\/es\/wp-json\/wp\/v2\/types\/page"}],"author":[{"embeddable":true,"href":"https:\/\/ufcw1776rrt.com\/es\/wp-json\/wp\/v2\/users\/1"}],"replies":[{"embeddable":true,"href":"https:\/\/ufcw1776rrt.com\/es\/wp-json\/wp\/v2\/comments?post=3"}],"version-history":[{"count":0,"href":"https:\/\/ufcw1776rrt.com\/es\/wp-json\/wp\/v2\/pages\/3\/revisions"}],"wp:attachment":[{"href":"https:\/\/ufcw1776rrt.com\/es\/wp-json\/wp\/v2\/media?parent=3"}],"curies":[{"name":"wp","href":"https:\/\/api.w.org\/{rel}","templated":true}]}}