{"id":441,"date":"2024-02-06T19:59:46","date_gmt":"2024-02-07T00:59:46","guid":{"rendered":"https:\/\/ufcw1776rrt.com\/?page_id=441"},"modified":"2024-02-06T20:03:53","modified_gmt":"2024-02-07T01:03:53","slug":"disclaimer","status":"publish","type":"page","link":"https:\/\/ufcw1776rrt.com\/es\/disclaimer\/","title":{"rendered":"Descargo de responsabilidad"},"content":{"rendered":"<p style=\"text-align: left;\"><a href=\"https:\/\/young-lawgroup.com\/\">Young Law Group<\/a>P.C. (\"YLG\") es un bufete de abogados con sede en Plymouth Meeting, Pensilvania, compuesto por abogados con licencia para ejercer la abogac\u00eda en Pensilvania y Nueva Jersey.  Tras a\u00f1os representando a sindicatos, trabajadores y denunciantes en litigios por todo Estados Unidos, YLG desarroll\u00f3 el Equipo de Respuesta R\u00e1pida (\"RRT\") como recurso para los sindicatos y sus miembros para ayudarles a responder r\u00e1pidamente a los accidentes laborales.  El RRT proporciona asesoramiento jur\u00eddico y servicios de investigaci\u00f3n a los sindicatos afiliados y a sus miembros en relaci\u00f3n con posibles reclamaciones de indemnizaci\u00f3n por accidentes laborales y lesiones personales.  Las comunicaciones y la informaci\u00f3n intercambiada entre el YLG, los sindicatos afiliados al RRT o cualquier trabajador se tratan con la m\u00e1xima confidencialidad y de acuerdo con las normas legales y \u00e9ticas aplicables. Sin embargo, es importante se\u00f1alar que ni la informaci\u00f3n de este sitio web ni las comunicaciones iniciales entre YLG, los afiliados sindicales o cualquier trabajador establecen una relaci\u00f3n de abogado-cliente.  Para establecer dicha relaci\u00f3n, debe firmarse un acuerdo formal de contrataci\u00f3n que defina los t\u00e9rminos de la representaci\u00f3n, ya sea con YLG o con otro bufete de abogados seleccionado por un trabajador lesionado. En los casos en que un trabajador lesionado contrata a YLG, YLG se esfuerza por proporcionar servicios legales de la m\u00e1s alta calidad, la empresa no puede garantizar ning\u00fan resultado espec\u00edfico en cualquier asunto legal. Los resultados de cada caso dependen de numerosos factores, incluidos, entre otros, los hechos espec\u00edficos del incidente en cuesti\u00f3n, las pruebas y las leyes aplicables.  La informaci\u00f3n contenida en este sitio web tiene \u00fanicamente fines informativos generales y no debe interpretarse como asesoramiento jur\u00eddico. YLG no pretende representar a nadie bas\u00e1ndose en la consulta de este sitio web en una jurisdicci\u00f3n en la que este sitio web no se ajuste a los requisitos locales. Este sitio web no debe interpretarse como una oferta para prestar servicios jur\u00eddicos en ninguna jurisdicci\u00f3n en la que los abogados de YLG no est\u00e9n autorizados a ejercer la abogac\u00eda. En el sitio web de YLG se indican las jurisdicciones en las que cada uno de nuestros abogados est\u00e1 autorizado a ejercer la abogac\u00eda. YLG se reserva el derecho de modificar y actualizar los t\u00e9rminos de esta cl\u00e1usula de exenci\u00f3n de responsabilidad en cualquier momento y sin previo aviso.<\/p>","protected":false},"excerpt":{"rendered":"<p>Young Law Group, P.C. (\"YLG\") es un bufete de abogados con sede en Plymouth Meeting, Pensilvania, compuesto por abogados con licencia para ejercer la abogac\u00eda en Pensilvania y Nueva Jersey.  Tras a\u00f1os representando a sindicatos, trabajadores y denunciantes en litigios por todo Estados Unidos, YLG desarroll\u00f3 el Equipo de Respuesta R\u00e1pida (\"RRT\") como recurso para sindicatos y [...]<\/p>","protected":false},"author":1,"featured_media":0,"parent":0,"menu_order":0,"comment_status":"closed","ping_status":"closed","template":"","meta":{"_monsterinsights_skip_tracking":false,"_monsterinsights_sitenote_active":false,"_monsterinsights_sitenote_note":"","_monsterinsights_sitenote_category":0,"footnotes":""},"class_list":["post-441","page","type-page","status-publish","hentry"],"aioseo_notices":[],"featured_image_src":null,"featured_image_src_square":null,"featured_media_urls":[],"_links":{"self":[{"href":"https:\/\/ufcw1776rrt.com\/es\/wp-json\/wp\/v2\/pages\/441","targetHints":{"allow":["GET"]}}],"collection":[{"href":"https:\/\/ufcw1776rrt.com\/es\/wp-json\/wp\/v2\/pages"}],"about":[{"href":"https:\/\/ufcw1776rrt.com\/es\/wp-json\/wp\/v2\/types\/page"}],"author":[{"embeddable":true,"href":"https:\/\/ufcw1776rrt.com\/es\/wp-json\/wp\/v2\/users\/1"}],"replies":[{"embeddable":true,"href":"https:\/\/ufcw1776rrt.com\/es\/wp-json\/wp\/v2\/comments?post=441"}],"version-history":[{"count":0,"href":"https:\/\/ufcw1776rrt.com\/es\/wp-json\/wp\/v2\/pages\/441\/revisions"}],"wp:attachment":[{"href":"https:\/\/ufcw1776rrt.com\/es\/wp-json\/wp\/v2\/media?parent=441"}],"curies":[{"name":"wp","href":"https:\/\/api.w.org\/{rel}","templated":true}]}}